{"id":24,"date":"2022-12-17T17:33:31","date_gmt":"2022-12-17T16:33:31","guid":{"rendered":"http:\/\/e18b7102bb.url-de-test.ws\/wp\/?page_id=24"},"modified":"2022-12-17T22:28:27","modified_gmt":"2022-12-17T21:28:27","slug":"societe","status":"publish","type":"page","link":"http:\/\/www.compliance-consulting.fr\/wp\/societe\/","title":{"rendered":"Soci\u00e9t\u00e9"},"content":{"rendered":"<h2><strong>Qui sommes-nous ?<\/strong><\/h2>\n<p>Cr\u00e9\u00e9 en 2010, <strong>COMPLIANCE Consulting<\/strong> est un cabinet de conseil et de formation en ing\u00e9nierie des exigences et ing\u00e9nierie syst\u00e8me. Depuis sa cr\u00e9ation, nous aidons nos clients \u00e0 d\u00e9finir les processus d\u2019ing\u00e9nierie et \u00e0 mettre en \u0153uvre les meilleures solutions afin de garantir la conformit\u00e9 des syst\u00e8mes aux exigences.<br \/>\nNous intervenons au niveau de la d\u00e9finition des besoins, de la sp\u00e9cification et de la validation des syst\u00e8mes complexes et des syst\u00e8mes d&rsquo;information.<\/p>\n<h2><strong>Notre\u00a0ambition<\/strong><\/h2>\n<p>Notre ambition est de devenir un acteur incontournable dans le domaine du conseil en ing\u00e9nierie des exigences et\u00a0l\u2019acteur de r\u00e9f\u00e9rence en <a href=\"http:\/\/compliance-consulting.fr\/wp\/certification\/\">certification CPRE<\/a> en langue fran\u00e7aise.<\/p>\n<p>Comment, avec quels moyens ?<\/p>\n<ul>\n<li>D\u00e9velopper des relations de confiance avec nos clients<\/li>\n<li>Investir dans des consultants exp\u00e9riment\u00e9s et comp\u00e9tents<\/li>\n<li>Innover\u00a0en mati\u00e8re de formation en ing\u00e9nierie des exigences<\/li>\n<\/ul>\n<h2><strong>Nos valeurs<\/strong><\/h2>\n<p>Nos valeurs\u00a0fondamentales sont : la <strong>passion<\/strong>, l&rsquo;<strong>engagement<\/strong>,\u00a0la <strong>rigueur<\/strong>, l&rsquo;<strong>\u00e9coute <\/strong>et la <strong>confiance.<\/strong><\/p>\n<h2>Nos modes d\u2019intervention<\/h2>\n<p>Nous intervenons en <a href=\"http:\/\/compliance-consulting.fr\/wp\/conseil\/\">conseil<\/a>, en <a href=\"http:\/\/compliance-consulting.fr\/wp\/formation\/\">formation\u00a0<\/a>et\u00a0en <a href=\"http:\/\/compliance-consulting.fr\/wp\/assistance-technique\/\">assistance technique<\/a>.<\/p>\n<h2>Nos secteurs d\u2019intervention<\/h2>\n<p>Nous intervenons sur tous les secteurs de l&rsquo;\u00e9conomie pour des\u00a0soci\u00e9t\u00e9s fabriquant ou utilisant des syst\u00e8mes \u00e0 haut niveau de qualit\u00e9 et pour les soci\u00e9t\u00e9s du secteur tertiaire et des services au niveau de leur Syst\u00e8me d&rsquo;Information.<\/p>\n<h2>Nos r\u00e9f\u00e9rences<\/h2>\n<p>De nombreuses organisations nous ont d\u00e9j\u00e0 fait confiance dans les secteurs suivants\u00a0: a\u00e9ronautique et d\u00e9fense, automobile et ferroviaire, banque et assurance, \u00e9lectronique, \u00e9nergie, sant\u00e9 et m\u00e9dical, services du secteur tertiaire, t\u00e9l\u00e9communications&#8230;<\/p>\n<p>Ces soci\u00e9t\u00e9s nous ont d\u00e9j\u00e0 fait confiance :<\/p>\n<p><img decoding=\"async\" loading=\"lazy\" class=\"size-full wp-image-387 aligncenter\" src=\"http:\/\/www.compliance-consulting.fr\/wp\/wp-content\/uploads\/2015\/12\/references_clients_2016.png\" alt=\"references_clients_2016\" width=\"1045\" height=\"681\" srcset=\"http:\/\/www.compliance-consulting.fr\/wp\/wp-content\/uploads\/2015\/12\/references_clients_2016.png 1045w, http:\/\/www.compliance-consulting.fr\/wp\/wp-content\/uploads\/2015\/12\/references_clients_2016-300x196.png 300w, http:\/\/www.compliance-consulting.fr\/wp\/wp-content\/uploads\/2015\/12\/references_clients_2016-768x500.png 768w, http:\/\/www.compliance-consulting.fr\/wp\/wp-content\/uploads\/2015\/12\/references_clients_2016-1024x667.png 1024w\" sizes=\"(max-width: 1045px) 100vw, 1045px\" \/><\/p>\n<h2>Nos clients t\u00e9moignent sur nos formations<\/h2>\n<div class=\"katb_test_wrap\">\n\t\t\t<div class=\"katb_test_box\">\n\t\t\t<div class=\"katb_title_rating_wrap\">\n\t\t\t\t\t\t<\/div>\n\t\t\t<div class=\"katb_testimonial_wrap\">\n\t\t\t\t\t<div class=\"katb_test_text\" >\n\t\t<p>\u00ab La soci\u00e9t\u00e9 COMPLIANCE Consulting a form\u00e9 l\u2019int\u00e9gralit\u00e9 de l\u2019\u00e9quipe <\/p><a href=\"#\" class=\"katb_excerpt_more\" data-id=\"katb_content_1\" > ...plus<\/a>\t\t<\/div>\n\t\t\t\t\t<\/div>\n\t\t\t<div class=\"katb_meta_bottom\">\n\t\t\t\t\t<span class=\"katb_author\">\n\t\t\tDelphine S. \u2013 GE Healtcare\t\t\t&nbsp;&nbsp;\t\t<\/span>\n\t\t\t\t\t<\/div>\n\t\t<\/div>\n\t\t\t<div id=\"popwrap_katb_content_1\">\n\t<div class=\"katb_topopup\" id=\"katb_content_1\">\n\t\t<div class=\"katb_close\"><\/div>\n\t\t<div class=\"katb_popup_wrap katb_content\">\n\t\t\t<div class=\"katb_title_rating_wrap\">\n\t\t\t\t\t\t<\/div>\n\t\t\t<div class=\"katb_meta_top\">\n\t\t\t\t\t\t<span class=\"katb_author\">\n\t\t\tDelphine S. \u2013 GE Healtcare\t\t\t&nbsp;&nbsp;\t\t<\/span>\n\t\t\t\t\t<\/div>\n\t\t\t<div class=\"katb_testimonial_wrap\">\n\t\t\t\t\t<div class=\"katb_test_text_basic\" >\n\t\t<p>\u00ab La soci\u00e9t\u00e9 COMPLIANCE Consulting a form\u00e9 l\u2019int\u00e9gralit\u00e9 de l\u2019\u00e9quipe syst\u00e8me GE Healthcare interventionnelle dont je suis le manager, soit 25 personnes. J\u2019y envoie syst\u00e9matiquement les nouveaux arrivants. La formation IREB est tr\u00e8s compl\u00e8te et permet de partager les m\u00e9thodologies syst\u00e8mes, ainsi que l\u2019\u00e9criture et la gestion des exigences et donne des notions d\u2019UML. Elle permet de donner \u00e0 une \u00e9quipe un fondement de connaissances syst\u00e8me et un vocabulaire commun. Le formateur est extr\u00eamement comp\u00e8tent dans le domaine et sait r\u00e9pondre \u00e0 nos questions et nos attentes. Je recommande fortement ! \u00bb<\/p>\n\t\t<\/div>\n\t\t\t\t\t<\/div>\n\t\t<\/div>\n\t<\/div>\n\t<div class=\"katb_loader\"><\/div>\n\t<div class=\"katb_excerpt_popup_bg\" id=\"katb_content_1_bg\"><\/div>\n\t<\/div>\n\t\t\t<div class=\"katb_test_box\">\n\t\t\t<div class=\"katb_title_rating_wrap\">\n\t\t\t\t\t\t<\/div>\n\t\t\t<div class=\"katb_testimonial_wrap\">\n\t\t\t\t\t<div class=\"katb_test_text\" >\n\t\t<p>\u00ab Formation intra-entreprise \u00ab Certification IREB en Ing\u00e9nierie des Exigences <\/p><a href=\"#\" class=\"katb_excerpt_more\" data-id=\"katb_content_2\" > ...plus<\/a>\t\t<\/div>\n\t\t\t\t\t<\/div>\n\t\t\t<div class=\"katb_meta_bottom\">\n\t\t\t\t\t<span class=\"katb_author\">\n\t\t\tChristophe T. \u2013 Architecte Transverse \u2013 Orange\t\t\t&nbsp;&nbsp;\t\t<\/span>\n\t\t\t\t\t<\/div>\n\t\t<\/div>\n\t\t\t<div id=\"popwrap_katb_content_2\">\n\t<div class=\"katb_topopup\" id=\"katb_content_2\">\n\t\t<div class=\"katb_close\"><\/div>\n\t\t<div class=\"katb_popup_wrap katb_content\">\n\t\t\t<div class=\"katb_title_rating_wrap\">\n\t\t\t\t\t\t<\/div>\n\t\t\t<div class=\"katb_meta_top\">\n\t\t\t\t\t\t<span class=\"katb_author\">\n\t\t\tChristophe T. \u2013 Architecte Transverse \u2013 Orange\t\t\t&nbsp;&nbsp;\t\t<\/span>\n\t\t\t\t\t<\/div>\n\t\t\t<div class=\"katb_testimonial_wrap\">\n\t\t\t\t\t<div class=\"katb_test_text_basic\" >\n\t\t<p>\u00ab Formation intra-entreprise \u00ab Certification IREB en Ing\u00e9nierie des Exigences \u00bb. La session de la formation s\u2019est tenue dans les locaux d\u2019Orange \u00e0 Blagnac en 2014. Durant cette session, nous avons parcouru le cycle de vie de l\u2019exigence, sa classification et ses crit\u00e8res de validation. Les formateurs ont su expliquer les concepts de la d\u00e9marche mais aussi fournir un \u00e9clairage sur la mise en \u0153uvre dans notre contexte projet. J\u2019ai organis\u00e9 cette session de formation\/certification dans un contexte projet o\u00f9 nous souhaitions b\u00e9n\u00e9ficier de la rigueur de la d\u00e9marche pour la r\u00e9alisation de notre nouvelle Box Internet. Nous avons d\u2019ailleurs donn\u00e9 suite \u00e0 cette formation via une mission de support \u00e0 mise en \u0153uvre dans nos locaux. La capacit\u00e9 d\u2019\u00e9coute des formateurs et la capacit\u00e9 \u00e0 expliquer\/adapter la d\u00e9marche au contexte client sont \u00e0 souligner. \u00bb<\/p>\n\t\t<\/div>\n\t\t\t\t\t<\/div>\n\t\t<\/div>\n\t<\/div>\n\t<div class=\"katb_loader\"><\/div>\n\t<div class=\"katb_excerpt_popup_bg\" id=\"katb_content_2_bg\"><\/div>\n\t<\/div>\n\t\t\t<div class=\"katb_test_box\">\n\t\t\t<div class=\"katb_title_rating_wrap\">\n\t\t\t\t\t\t<\/div>\n\t\t\t<div class=\"katb_testimonial_wrap\">\n\t\t\t\t\t<div class=\"katb_test_text\" >\n\t\t<p>\u00ab Certification IREB en Ing\u00e9nierie des Exigences \u00ab Fondamentaux \u00bb. <\/p><a href=\"#\" class=\"katb_excerpt_more\" data-id=\"katb_content_3\" > ...plus<\/a>\t\t<\/div>\n\t\t\t\t\t<\/div>\n\t\t\t<div class=\"katb_meta_bottom\">\n\t\t\t\t\t<span class=\"katb_author\">\n\t\t\tTanguy \u2013 Entreprise du secteur bancaire\t\t\t&nbsp;&nbsp;\t\t<\/span>\n\t\t\t\t\t<\/div>\n\t\t<\/div>\n\t\t\t<div id=\"popwrap_katb_content_3\">\n\t<div class=\"katb_topopup\" id=\"katb_content_3\">\n\t\t<div class=\"katb_close\"><\/div>\n\t\t<div class=\"katb_popup_wrap katb_content\">\n\t\t\t<div class=\"katb_title_rating_wrap\">\n\t\t\t\t\t\t<\/div>\n\t\t\t<div class=\"katb_meta_top\">\n\t\t\t\t\t\t<span class=\"katb_author\">\n\t\t\tTanguy \u2013 Entreprise du secteur bancaire\t\t\t&nbsp;&nbsp;\t\t<\/span>\n\t\t\t\t\t<\/div>\n\t\t\t<div class=\"katb_testimonial_wrap\">\n\t\t\t\t\t<div class=\"katb_test_text_basic\" >\n\t\t<p>\u00ab Certification IREB en Ing\u00e9nierie des Exigences \u00ab Fondamentaux \u00bb. Cette formation peut \u00eatre vue comme un module de sp\u00e9cialisation pour les architectes, elle s\u2019appuie sur le cadre d\u2019architecture TOGAF qui est celui utilis\u00e9 au sein de notre soci\u00e9t\u00e9 et contribue \u00e0 fixer un langage commun autour des exigences bas\u00e9 sur un standard international. Les notions de contexte, de p\u00e9rim\u00e8tre, de parties prenantes d\u2019un syst\u00e8me et ses limites sont bien abord\u00e9es et largement \u00e9tay\u00e9es d\u2019exemples et d\u2019exercices. Les supports de formation sont tr\u00e8s clairs, le formateur de COMPLIANCE Consulting tr\u00e8s p\u00e9dagogue. Nous avons d\u00e9cid\u00e9 d\u2019inscrire cette formation au catalogue des formations Groupe r\u00e9f\u00e9renc\u00e9es par notre soci\u00e9t\u00e9 afin de la promouvoir aupr\u00e8s de nos collaborateurs. \u00bb<\/p>\n\t\t<\/div>\n\t\t\t\t\t<\/div>\n\t\t<\/div>\n\t<\/div>\n\t<div class=\"katb_loader\"><\/div>\n\t<div class=\"katb_excerpt_popup_bg\" id=\"katb_content_3_bg\"><\/div>\n\t<\/div>\n\t\t\t<div class=\"katb_test_box\">\n\t\t\t<div class=\"katb_title_rating_wrap\">\n\t\t\t\t\t\t<\/div>\n\t\t\t<div class=\"katb_testimonial_wrap\">\n\t\t\t\t\t<div class=\"katb_test_text\" >\n\t\t<p>\u00ab Cette formation est compl\u00e8te, elle aborde tous les aspects <\/p><a href=\"#\" class=\"katb_excerpt_more\" data-id=\"katb_content_4\" > ...plus<\/a>\t\t<\/div>\n\t\t\t\t\t<\/div>\n\t\t\t<div class=\"katb_meta_bottom\">\n\t\t\t\t\t<span class=\"katb_author\">\n\t\t\tAurore H. \u2013 Analyste fonctionnel \u2013 Pharmagest\t\t\t&nbsp;&nbsp;\t\t<\/span>\n\t\t\t\t\t<\/div>\n\t\t<\/div>\n\t\t\t<div id=\"popwrap_katb_content_4\">\n\t<div class=\"katb_topopup\" id=\"katb_content_4\">\n\t\t<div class=\"katb_close\"><\/div>\n\t\t<div class=\"katb_popup_wrap katb_content\">\n\t\t\t<div class=\"katb_title_rating_wrap\">\n\t\t\t\t\t\t<\/div>\n\t\t\t<div class=\"katb_meta_top\">\n\t\t\t\t\t\t<span class=\"katb_author\">\n\t\t\tAurore H. \u2013 Analyste fonctionnel \u2013 Pharmagest\t\t\t&nbsp;&nbsp;\t\t<\/span>\n\t\t\t\t\t<\/div>\n\t\t\t<div class=\"katb_testimonial_wrap\">\n\t\t\t\t\t<div class=\"katb_test_text_basic\" >\n\t\t<p>\u00ab Cette formation est compl\u00e8te, elle aborde tous les aspects du m\u00e9tier d\u2019analyste fonctionnel. Tr\u00e8s p\u00e9dagogue et \u00e0 l\u2019\u00e9coute, le formateur ne se contente pas seulement de nous donner une masse d\u2019information, il nous donne les outils pour justifier de chacune de nos d\u00e9cisions, la raison d\u2019\u00eatre et l\u2019utilit\u00e9 de chacune des \u00e9tapes du m\u00e9tier. C\u2019est donc une formation enrichissante et tr\u00e8s pragmatique, elle nous permet de mettre en application les grands principes imm\u00e9diatement. Au demeurant, l\u2019accueil, l\u2019organisation et le cadre sont remarquables. \u00bb<\/p>\n\t\t<\/div>\n\t\t\t\t\t<\/div>\n\t\t<\/div>\n\t<\/div>\n\t<div class=\"katb_loader\"><\/div>\n\t<div class=\"katb_excerpt_popup_bg\" id=\"katb_content_4_bg\"><\/div>\n\t<\/div>\n\t\t\t<div class=\"katb_test_box\">\n\t\t\t<div class=\"katb_title_rating_wrap\">\n\t\t\t\t\t\t<\/div>\n\t\t\t<div class=\"katb_testimonial_wrap\">\n\t\t\t\t\t<div class=\"katb_test_text\" >\n\t\t<p>\u00ab La formation certifiante IREB est d\u2019un contenu riche, dense <\/p><a href=\"#\" class=\"katb_excerpt_more\" data-id=\"katb_content_5\" > ...plus<\/a>\t\t<\/div>\n\t\t\t\t\t<\/div>\n\t\t\t<div class=\"katb_meta_bottom\">\n\t\t\t\t\t<span class=\"katb_author\">\n\t\t\tImane B. \u2013 Sopra Steria Consulting\t\t\t&nbsp;&nbsp;\t\t<\/span>\n\t\t\t\t\t<\/div>\n\t\t<\/div>\n\t\t\t<div id=\"popwrap_katb_content_5\">\n\t<div class=\"katb_topopup\" id=\"katb_content_5\">\n\t\t<div class=\"katb_close\"><\/div>\n\t\t<div class=\"katb_popup_wrap katb_content\">\n\t\t\t<div class=\"katb_title_rating_wrap\">\n\t\t\t\t\t\t<\/div>\n\t\t\t<div class=\"katb_meta_top\">\n\t\t\t\t\t\t<span class=\"katb_author\">\n\t\t\tImane B. \u2013 Sopra Steria Consulting\t\t\t&nbsp;&nbsp;\t\t<\/span>\n\t\t\t\t\t<\/div>\n\t\t\t<div class=\"katb_testimonial_wrap\">\n\t\t\t\t\t<div class=\"katb_test_text_basic\" >\n\t\t<p>\u00ab La formation certifiante IREB est d\u2019un contenu riche, dense et permet d\u2019avoir une vision compl\u00e8te sur les fondamentaux de l\u2019ing\u00e9nierie des exigences. L\u2019approche est ludique, m\u00e9thodique et permet \u00e0 des stagiaires d\u2019horizons tr\u00e8s diff\u00e9rents de s\u2019y retrouver en simultan\u00e9. Le formateur est expert en son domaine et a su v\u00e9hiculer les informations, parfois tr\u00e8s techniques, d\u2019une mani\u00e8re simple et accessible \u00e0 tous. La qualit\u00e9 de l\u2019accueil et de la restauration est appr\u00e9ciable. R\u00e9gnait une ambiance positive tout au long des \u00e9changes. \u00bb <\/p>\n\t\t<\/div>\n\t\t\t\t\t<\/div>\n\t\t<\/div>\n\t<\/div>\n\t<div class=\"katb_loader\"><\/div>\n\t<div class=\"katb_excerpt_popup_bg\" id=\"katb_content_5_bg\"><\/div>\n\t<\/div>\n\t<\/div>\n<div class=\"katb_clear_fix\"><\/div>\n\n<h2>Contactez-nous<\/h2>\n\n<table id=\"tablepress-3\" class=\"tablepress tablepress-id-3\">\n<tbody>\n<tr class=\"row-1\">\n\t<td class=\"column-1\"><strong>COMPLIANCE Consulting<\/strong><br \/>\n112, avenue de Paris - CS 60002<br \/>\n94306 Vincennes Cedex - FRANCE<br \/>\n+33 (0)6 77 87 68 85<br \/>\n<br \/>\n<a href=\"mailto:contact@compliance-consulting.fr\">contact@compliance-consulting.fr<\/a><br \/>\n<\/td><td class=\"column-2\">        <script type=\"text\/javascript\">\n         function cp_contactformtoemail_pform_doValidate_1(form)\n         {\n            document.cp_contactformtoemail_pform_1.cp_ref_page.value = document.location;\n            $dexQuery = jQuery.noConflict();            {\n                var cpefb_error = 0;\n                $dexQuery(\"#cp_contactformtoemail_pform_1\").find(\".cpefb_error\").each(function(index){\n                    if ($dexQuery(this).css(\"display\")!=\"none\")\n                        cpefb_error++;\n                    });\n                if (cpefb_error) return false;\n                if (document.cp_contactformtoemail_pform_1.cp_contactformtoemail_pform_status.value != '0')\n                           return false;\n                document.getElementById(\"refpage_1\").value = document.location;\n                cfte_blink(\".pbSubmit\");\n                document.cp_contactformtoemail_pform_1.cp_contactformtoemail_pform_status.value = '2';return true;            }\n         }\n         function cfte_blink(selector){\n                 try {\n                     $dexQuery = jQuery.noConflict();\n                     $dexQuery(selector).fadeOut(700, function(){\n                         $dexQuery(this).fadeIn(700, function(){\n                             try {\n                                 if (document.cp_contactformtoemail_pform_1.cp_contactformtoemail_pform_status.value != '0')\n                                     cfte_blink(this);\n                             } catch (e) {}\n                         });\n                     });\n                 } catch (e) {}\n         }\n         function cp_contactformtoemail_cerror_1(){$dexQuery = jQuery.noConflict();$dexQuery(\"#hdcaptcha_error_1\").css('top',$dexQuery(\"#hdcaptcha_cp_contactformtoemail_post_1\").outerHeight());$dexQuery(\"#hdcaptcha_error_1\").css(\"display\",\"inline\");}\n        <\/script>\n        <div id=\"cftedialog\" style=\"display:none;\"><\/div>\n        <form class=\"cpp_form\" name=\"cp_contactformtoemail_pform_1\" id=\"cp_contactformtoemail_pform_1\" action=\"\" method=\"post\" enctype=\"multipart\/form-data\" onsubmit=\"return cp_contactformtoemail_pform_doValidate_1(this);\"><input type=\"hidden\" name=\"cp_pform_psequence\" value=\"_1\" \/><input type=\"hidden\" name=\"cp_contactformtoemail_pform_process\" value=\"1\" \/><input type=\"hidden\" name=\"cp_contactformtoemail_id\" value=\"3\" \/><input type=\"hidden\" name=\"cp_ref_page\" value=\"\" \/><input type=\"hidden\" name=\"form_structure_1\" id=\"form_structure_1\" size=\"180\" value=\"[[{&quot;name&quot;:&quot;email&quot;,&quot;index&quot;:0,&quot;title&quot;:&quot;E-Mail&quot;,&quot;ftype&quot;:&quot;femail&quot;,&quot;userhelp&quot;:&quot;&quot;,&quot;csslayout&quot;:&quot;&quot;,&quot;required&quot;:true,&quot;predefined&quot;:&quot;&quot;,&quot;size&quot;:&quot;large&quot;,&quot;shortlabel&quot;:&quot;&quot;,&quot;userhelpTooltip&quot;:&quot;&quot;,&quot;predefinedClick&quot;:false,&quot;equalTo&quot;:&quot;&quot;},{&quot;name&quot;:&quot;fieldname1&quot;,&quot;index&quot;:1,&quot;title&quot;:&quot;Soci\\u00e9t\\u00e9&quot;,&quot;required&quot;:true,&quot;shortlabel&quot;:&quot;&quot;,&quot;ftype&quot;:&quot;ftext&quot;,&quot;userhelp&quot;:&quot;&quot;,&quot;userhelpTooltip&quot;:&quot;&quot;,&quot;csslayout&quot;:&quot;&quot;,&quot;predefined&quot;:&quot;&quot;,&quot;predefinedClick&quot;:false,&quot;size&quot;:&quot;large&quot;,&quot;minlength&quot;:&quot;&quot;,&quot;maxlength&quot;:&quot;&quot;,&quot;equalTo&quot;:&quot;&quot;},{&quot;name&quot;:&quot;fieldname2&quot;,&quot;index&quot;:2,&quot;title&quot;:&quot;NOM &amp; Pr\\u00e9nom&quot;,&quot;required&quot;:true,&quot;predefinedClick&quot;:false,&quot;shortlabel&quot;:&quot;&quot;,&quot;ftype&quot;:&quot;ftext&quot;,&quot;userhelp&quot;:&quot;&quot;,&quot;userhelpTooltip&quot;:&quot;&quot;,&quot;csslayout&quot;:&quot;&quot;,&quot;predefined&quot;:&quot;&quot;,&quot;size&quot;:&quot;large&quot;,&quot;minlength&quot;:&quot;&quot;,&quot;maxlength&quot;:&quot;&quot;,&quot;equalTo&quot;:&quot;&quot;},{&quot;name&quot;:&quot;fieldname3&quot;,&quot;index&quot;:3,&quot;title&quot;:&quot;Votre message&quot;,&quot;required&quot;:true,&quot;shortlabel&quot;:&quot;&quot;,&quot;ftype&quot;:&quot;ftextarea&quot;,&quot;userhelp&quot;:&quot;&quot;,&quot;userhelpTooltip&quot;:&quot;&quot;,&quot;csslayout&quot;:&quot;&quot;,&quot;predefined&quot;:&quot;&quot;,&quot;predefinedClick&quot;:false,&quot;size&quot;:&quot;large&quot;,&quot;minlength&quot;:&quot;&quot;,&quot;maxlength&quot;:&quot;&quot;}],[{&quot;title&quot;:&quot;&quot;,&quot;description&quot;:&quot;Demande de contact&quot;,&quot;formlayout&quot;:&quot;top_aligned&quot;}]]\" \/><input type=\"hidden\" name=\"refpage_1\" id=\"refpage_1\" value=\"\"><input type=\"hidden\" name=\"cp_contactformtoemail_pform_status\" value=\"0\" \/><input name=\"anonce\" type=\"hidden\" value=\"72968f4745\"\/><input name=\"cftehp\" id=\"cftehp_1\" type=\"hidden\" value=\"1\"\/>\r\n<div id=\"fbuilder\">    \r\n    <div id=\"fbuilder_1\">\r\n        <div id=\"formheader_1\"><\/div>\r\n        <div id=\"fieldlist_1\"><\/div>\r\n    <\/div>\r\n<\/div>    \r\n<div style=\"display:none\">\r\n<input name=\"cftecontrolmessage\" type=\"text\" value=\"\"\/> \r\n<div id=\"cpcaptchalayer_1\" class=\"cpcaptchalayer\">\r\n<\/div>\r\n<\/div>\r\n<div id=\"cp_subbtn_1\" class=\"cp_subbtn\">Envoyer<\/div>\r\n<\/form>\r\n<script>\r\ntry{document.getElementById(\"cftehp_1\").value=\"25\";}catch(e){}\r\n<\/script>\r\n<\/td>\n<\/tr>\n<\/tbody>\n<\/table>\n<!-- #tablepress-3 from cache -->\n<h2>Rejoignez-nous\u00a0!<\/h2>\n<p>Afin de soutenir notre croissance, nous\u00a0sommes en recherche permanente de <strong>consultants senior et junior <\/strong>en ing\u00e9nierie des exigences.<\/p>\n<h3>Consultant en ing\u00e9nierie des exigences H\/F<\/h3>\n<p>Vous avez une exp\u00e9rience des syst\u00e8mes d\u2019information et\/ou des syst\u00e8mes techniques. Vous ma\u00eetrisez les phases et les activit\u00e9s de d\u00e9veloppement des syst\u00e8mes et des logiciels complexes&#8230; Ce poste est fait pour vous !<\/p>\n<p>Vous interviendrez principalement chez des clients pour des missions vari\u00e9es sur des aspects m\u00e9thodologique et outillage li\u00e9s \u00e0 la mise en place de processus d\u2019ing\u00e9nierie des exigences. Vous assisterez les \u00e9quipes m\u00e9thodes et outils en d\u00e9finissant les meilleures pratiques adapt\u00e9es au contexte du client, et travaillerez avec les \u00e9quipes op\u00e9rationnelles pour le d\u00e9ploiement des solutions sur les projets.\u00a0Vous serez\u00a0\u00e0 m\u00eame de collaborer avec les \u00e9quipes de ma\u00eetrise d&rsquo;ouvrage\u00a0lors des phases d\u2019expression du besoin.<\/p>\n<p>Vous serez amen\u00e9 \u00e0 former ponctuellement nos clients \u00e0 l\u2019ing\u00e9nierie des exigences, soit lors de formation inter-entreprises, soit en intra. Pour cette activit\u00e9 de formation, la certification IREB en ing\u00e9nierie des exigences serait un plus.<\/p>\n<p><strong>Comp\u00e9tences requises :<\/strong><br \/>\n&#8211; Connaissance d\u2019outils de gestion des exigences<br \/>\n&#8211; Connaissance de langages et techniques de mod\u00e9lisation : UML, SysML\u2026<br \/>\n&#8211; Connaissance de r\u00e9f\u00e9rentiels de bonnes pratiques et de normes : CMMi, UP, ISO\u2026<\/p>\n<p><strong>Les plus :<\/strong><br \/>\n&#8211; Certification IREB-CPRE<br \/>\n&#8211; Connaissance des activit\u00e9s et d\u2019outils de gestion des tests<br \/>\n&#8211; Connaissance des principes agiles<br \/>\n&#8211; Connaissance de techniques de conduite de r\u00e9union et d\u2019animation d\u2019atelier<br \/>\n&#8211; Exp\u00e9rience de conduite du changement<\/p>\n<p><strong>Qualit\u00e9s humaines n\u00e9cessaires :<\/strong><br \/>\n&#8211; Communicant, rigoureux, faisant preuve d\u2019autonomie, \u00e0 l\u2019\u00e9coute du client<\/p>\n<p>D\u00e9marrage : ASAP<br \/>\nLieu : Paris, IDF, des d\u00e9placements en France m\u00e9tropolitaine sont \u00e0 pr\u00e9voir<\/p>\n<p>Vous \u00eates pr\u00eat \u00e0 relever ce challenge, alors rejoignez-nous !<\/p>\n<p>Contact par mail :\u00a0<a href=\"mailto:contact@compliance-consulting.fr\">contact@compliance-consulting.fr<\/a><\/p>\n","protected":false},"excerpt":{"rendered":"<p>Qui sommes-nous ? Cr\u00e9\u00e9 en 2010, COMPLIANCE Consulting est un cabinet de conseil et de formation en ing\u00e9nierie des exigences et ing\u00e9nierie syst\u00e8me. Depuis sa cr\u00e9ation, nous aidons nos clients \u00e0 d\u00e9finir les processus d\u2019ing\u00e9nierie et \u00e0 mettre en \u0153uvre les meilleures solutions afin de garantir la conformit\u00e9 des syst\u00e8mes aux exigences. Nous intervenons au &hellip; <a href=\"http:\/\/www.compliance-consulting.fr\/wp\/societe\/\" class=\"more-link\">Continuer la lecture de <span class=\"screen-reader-text\">Soci\u00e9t\u00e9<\/span> <span class=\"meta-nav\">&rarr;<\/span><\/a><\/p>\n","protected":false},"author":3,"featured_media":0,"parent":0,"menu_order":0,"comment_status":"closed","ping_status":"closed","template":"","meta":{"_links_to":"","_links_to_target":""},"_links":{"self":[{"href":"http:\/\/www.compliance-consulting.fr\/wp\/wp-json\/wp\/v2\/pages\/24"}],"collection":[{"href":"http:\/\/www.compliance-consulting.fr\/wp\/wp-json\/wp\/v2\/pages"}],"about":[{"href":"http:\/\/www.compliance-consulting.fr\/wp\/wp-json\/wp\/v2\/types\/page"}],"author":[{"embeddable":true,"href":"http:\/\/www.compliance-consulting.fr\/wp\/wp-json\/wp\/v2\/users\/3"}],"replies":[{"embeddable":true,"href":"http:\/\/www.compliance-consulting.fr\/wp\/wp-json\/wp\/v2\/comments?post=24"}],"version-history":[{"count":10,"href":"http:\/\/www.compliance-consulting.fr\/wp\/wp-json\/wp\/v2\/pages\/24\/revisions"}],"predecessor-version":[{"id":1401,"href":"http:\/\/www.compliance-consulting.fr\/wp\/wp-json\/wp\/v2\/pages\/24\/revisions\/1401"}],"wp:attachment":[{"href":"http:\/\/www.compliance-consulting.fr\/wp\/wp-json\/wp\/v2\/media?parent=24"}],"curies":[{"name":"wp","href":"https:\/\/api.w.org\/{rel}","templated":true}]}}