{"id":532,"date":"2022-12-17T18:03:57","date_gmt":"2022-12-17T17:03:57","guid":{"rendered":"http:\/\/www.compliance-consulting.fr\/wp\/?page_id=532"},"modified":"2022-12-17T22:13:38","modified_gmt":"2022-12-17T21:13:38","slug":"coaching","status":"publish","type":"page","link":"http:\/\/www.compliance-consulting.fr\/wp\/coaching\/","title":{"rendered":"Coaching"},"content":{"rendered":"<p>Nous pouvons accompagner nos clients afin de permettre aux \u00e9quipes d\u2019approfondir leurs connaissances et leur assurer une mont\u00e9e en comp\u00e9tences sur les domaines de l\u2019ing\u00e9nierie des exigences et l\u2019ing\u00e9nierie syst\u00e8me\/logiciel.<\/p>\n<p>Ce mode d\u2019intervention s\u2019inscrit sur une p\u00e9riode d\u00e9finie et limit\u00e9e dans le temps. Avec nos clients, nous d\u00e9terminons ensemble l\u2019objectif, le cadre et les r\u00e9sultats attendus de l\u2019intervention.<\/p>\n<p>Le coaching peut \u00eatre r\u00e9alis\u00e9 sous deux formes\u00a0:<\/p>\n<ul>\n<li><strong>Collectif<\/strong> (sous la forme d\u2019ateliers)\n<ul>\n<li>Identification des probl\u00e9matiques et des sujets candidats aux ateliers<\/li>\n<li>Priorisation et planification des ateliers<\/li>\n<li>Pr\u00e9paration et r\u00e9alisation des ateliers<\/li>\n<li>Compte-rendu des ateliers<\/li>\n<\/ul>\n<\/li>\n<li><strong>Individuel<\/strong> (sous la forme d\u2019entretiens)\n<ul>\n<li>Echange en face-\u00e0-face sur les projets en cours et les difficult\u00e9s rencontr\u00e9es<\/li>\n<li>Conseils et propositions de solutions\/actions<\/li>\n<li>Suivi des actions<\/li>\n<\/ul>\n<\/li>\n<\/ul>\n<p>Une r\u00e9union de synth\u00e8se ponctue la fin de l\u2019intervention de coaching.<\/p>\n<p>Pour toute question, veuillez nous contacter par mail <a href=\"mailto:contact@compliance-consulting.fr\">contact@compliance-consulting.fr<\/a>\u00a0ou\u00a0par t\u00e9l\u00e9phone +33 6 77 87 68 85.<\/p>\n<h3>Exemples d&rsquo;interventions dans ce mode :<\/h3>\n<ul>\n<li>Aide \u00e0 la r\u00e9daction de <strong>cahiers des charges<\/strong> ou d&rsquo;<strong>expressions du besoin<\/strong><\/li>\n<li>Sensibilisation aux <strong>principes de l&rsquo;ing\u00e9nierie des exigences<\/strong> et accompagnement dans leur mise en \u0153uvre<\/li>\n<li>Transfert de comp\u00e9tences sur les <strong>techniques d&rsquo;\u00e9lucidation<\/strong> et les <strong>formalismes\u00a0de la documentation des exigences<\/strong><\/li>\n<li>Transfert de comp\u00e9tences sur les <strong>processus d&rsquo;ing\u00e9nierie<\/strong>\u00a0aupr\u00e8s des \u00e9quipes internes<\/li>\n<li>Introduction de l\u2019<strong>agilit\u00e9<\/strong> et <strong>conduite du changement<\/strong> sur\u00a0l\u2019ensemble des processus d&rsquo;ing\u00e9nierie<\/li>\n<li>Aide \u00e0 l&rsquo;identification des <strong>parties prenantes<\/strong> d&rsquo;un projet et construction d&rsquo;un <strong>arbre de buts<\/strong><\/li>\n<li>Aide dans les\u00a0activit\u00e9s li\u00e9es \u00e0 la <strong>d\u00e9finition des\u00a0Cas d&rsquo;Utilisation et des Sc\u00e9narios<\/strong> utilisateur<\/li>\n<\/ul>\n<pre><em>Notre offre disponible en Coaching :\u00a0<\/em><ul class=\"lcp_catlist\" id=\"lcp_instance_0\"><\/ul><\/pre>\n","protected":false},"excerpt":{"rendered":"<p>Nous pouvons accompagner nos clients afin de permettre aux \u00e9quipes d\u2019approfondir leurs connaissances et leur assurer une mont\u00e9e en comp\u00e9tences sur les domaines de l\u2019ing\u00e9nierie des exigences et l\u2019ing\u00e9nierie syst\u00e8me\/logiciel. Ce mode d\u2019intervention s\u2019inscrit sur une p\u00e9riode d\u00e9finie et limit\u00e9e dans le temps. Avec nos clients, nous d\u00e9terminons ensemble l\u2019objectif, le cadre et les r\u00e9sultats &hellip; <a href=\"http:\/\/www.compliance-consulting.fr\/wp\/coaching\/\" class=\"more-link\">Continuer la lecture de <span class=\"screen-reader-text\">Coaching<\/span> <span class=\"meta-nav\">&rarr;<\/span><\/a><\/p>\n","protected":false},"author":3,"featured_media":0,"parent":0,"menu_order":0,"comment_status":"closed","ping_status":"closed","template":"","meta":{"_links_to":"","_links_to_target":""},"_links":{"self":[{"href":"http:\/\/www.compliance-consulting.fr\/wp\/wp-json\/wp\/v2\/pages\/532"}],"collection":[{"href":"http:\/\/www.compliance-consulting.fr\/wp\/wp-json\/wp\/v2\/pages"}],"about":[{"href":"http:\/\/www.compliance-consulting.fr\/wp\/wp-json\/wp\/v2\/types\/page"}],"author":[{"embeddable":true,"href":"http:\/\/www.compliance-consulting.fr\/wp\/wp-json\/wp\/v2\/users\/3"}],"replies":[{"embeddable":true,"href":"http:\/\/www.compliance-consulting.fr\/wp\/wp-json\/wp\/v2\/comments?post=532"}],"version-history":[{"count":15,"href":"http:\/\/www.compliance-consulting.fr\/wp\/wp-json\/wp\/v2\/pages\/532\/revisions"}],"predecessor-version":[{"id":1397,"href":"http:\/\/www.compliance-consulting.fr\/wp\/wp-json\/wp\/v2\/pages\/532\/revisions\/1397"}],"wp:attachment":[{"href":"http:\/\/www.compliance-consulting.fr\/wp\/wp-json\/wp\/v2\/media?parent=532"}],"curies":[{"name":"wp","href":"https:\/\/api.w.org\/{rel}","templated":true}]}}